{"id":1029,"date":"2018-11-05T15:59:03","date_gmt":"2018-11-05T14:59:03","guid":{"rendered":"http:\/\/bkt.blog.muenster.org\/?page_id=1029"},"modified":"2025-05-24T18:51:21","modified_gmt":"2025-05-24T16:51:21","slug":"archivbilder","status":"publish","type":"page","link":"https:\/\/bkt.blog.muenster.org\/?page_id=1029","title":{"rendered":"Archivbilder"},"content":{"rendered":"\n<p class=\"has-text-align-center\"><em>&#8222;Wir k\u00f6nnen den Geist&nbsp;ebenso wenig&nbsp;mithilfe&nbsp;von Nervenzellen erkl\u00e4ren,<br \/>wie wir das Tanzen&nbsp;mithilfe&nbsp;von Muskeln&nbsp;erkl\u00e4ren k\u00f6nnen&#8220;<\/em><em><br \/><\/em><em>(Alva Noe: Du bist nicht dein Gehirn. Eine radikale Philosophie des&nbsp;Bewussteins. 2010)<\/em><\/p>\n\n\n\n<p class=\"has-text-align-center\"><em>&#8222;Trau keinem Satz, der im Sitzen geschrieben wurde.&#8220;&nbsp;<br \/><\/em><em>(Friedrich Nietzsche (1954). Ecce Homo. Nietzsche Werke, Bd. II. S. 1084,&nbsp;hrsgg. v. Karl&nbsp;Schlechta. M\u00fcnchen: Carl Hanser)<\/em><\/p>\n\n\n\n<p class=\"has-text-align-center\"><em>&#8222;Der Rhythmus entsteht aus dem Schnellen und Langsamen, indem diese, vorher auseinanderstrebend, weiterhin in Einklang gebracht werden. Zum Einklang aber verhilft all dem,&nbsp;<\/em><em>wie dort die Heilkunst, hier die Musik<\/em><em>, indem sie gegenseitige Liebe und Eintracht einpflanzt, und so&nbsp;ist&nbsp;denn die Musik die Kenntnis von den Liebesregungen im Gebiete der Harmonie und des Rhythmus.\u201c<\/em><\/p>\n\n\n\n<p class=\"has-text-align-center\"><em>(Platon, 427 &#8211; 347 v. Chr.)<\/em><\/p>\n\n\n\n<p class=\"has-text-align-center\"><em>\u201cMusik ist die Kurzschrift des Gef\u00fchls.\u201c<\/em><\/p>\n\n\n\n<p class=\"has-text-align-center\"><em>Leo Tolstoi (1828 &#8211; 1910)<\/em><\/p>\n\n\n\n<p class=\"has-text-align-center\"><em>\u201eDie Musik dr\u00fcckt das aus, was nicht gesagt werden kann und wor\u00fcber zu schweigen unm\u00f6glich ist.\u201c<\/em><\/p>\n\n\n\n<p class=\"has-text-align-center\"><em>Victor Hugo (1802 &#8211; 1885)<\/em><\/p>\n\n\n\n<hr class=\"wp-block-separator has-alpha-channel-opacity\" \/>\n\n\nngg_shortcode_0_placeholder","protected":false},"excerpt":{"rendered":"<p>&#8222;Wir k\u00f6nnen den Geist&nbsp;ebenso wenig&nbsp;mithilfe&nbsp;von Nervenzellen erkl\u00e4ren,wie wir das Tanzen&nbsp;mithilfe&nbsp;von Muskeln&nbsp;erkl\u00e4ren k\u00f6nnen&#8220;(Alva Noe: Du bist nicht dein Gehirn. Eine radikale Philosophie des&nbsp;Bewussteins. 2010) &#8222;Trau keinem Satz, der im Sitzen geschrieben wurde.&#8220;&nbsp;(Friedrich Nietzsche (1954). Ecce Homo. Nietzsche Werke, Bd. II. S. 1084,&nbsp;hrsgg. v. Karl&nbsp;Schlechta. M\u00fcnchen: Carl Hanser) &#8222;Der Rhythmus entsteht aus dem Schnellen und Langsamen, indem [&hellip;]<\/p>\n","protected":false},"author":13,"featured_media":0,"parent":0,"menu_order":0,"comment_status":"closed","ping_status":"closed","template":"","meta":{"ngg_post_thumbnail":0,"footnotes":""},"class_list":["post-1029","page","type-page","status-publish","hentry"],"_links":{"self":[{"href":"https:\/\/bkt.blog.muenster.org\/index.php?rest_route=\/wp\/v2\/pages\/1029","targetHints":{"allow":["GET"]}}],"collection":[{"href":"https:\/\/bkt.blog.muenster.org\/index.php?rest_route=\/wp\/v2\/pages"}],"about":[{"href":"https:\/\/bkt.blog.muenster.org\/index.php?rest_route=\/wp\/v2\/types\/page"}],"author":[{"embeddable":true,"href":"https:\/\/bkt.blog.muenster.org\/index.php?rest_route=\/wp\/v2\/users\/13"}],"replies":[{"embeddable":true,"href":"https:\/\/bkt.blog.muenster.org\/index.php?rest_route=%2Fwp%2Fv2%2Fcomments&post=1029"}],"version-history":[{"count":2,"href":"https:\/\/bkt.blog.muenster.org\/index.php?rest_route=\/wp\/v2\/pages\/1029\/revisions"}],"predecessor-version":[{"id":2204,"href":"https:\/\/bkt.blog.muenster.org\/index.php?rest_route=\/wp\/v2\/pages\/1029\/revisions\/2204"}],"wp:attachment":[{"href":"https:\/\/bkt.blog.muenster.org\/index.php?rest_route=%2Fwp%2Fv2%2Fmedia&parent=1029"}],"curies":[{"name":"wp","href":"https:\/\/api.w.org\/{rel}","templated":true}]}}