{"id":13,"date":"2017-07-12T13:59:03","date_gmt":"2017-07-12T11:59:03","guid":{"rendered":"http:\/\/bkt.blog.muenster.org\/?page_id=13"},"modified":"2026-04-10T12:19:13","modified_gmt":"2026-04-10T10:19:13","slug":"termine","status":"publish","type":"page","link":"https:\/\/bkt.blog.muenster.org\/?page_id=13","title":{"rendered":"Termine"},"content":{"rendered":"<p><em>Bei rechtzeitiger Mitteilung erscheinen die Veranstaltungstermine in der Zeitschrift&nbsp;<\/em><br \/><b><a href=\"http:\/\/www.psychologie-aktuell.com\/index.php?id=mtk\">Musik-, Tanz-, Kunsttherapie \u2013 Zeitschrift f\u00fcr k\u00fcnstlerische Therapien im Bildungs-, Sozial- und Gesundheitswesen<\/a><\/b><span style=\"text-align: justify;color: #757575;text-indent: 0px;letter-spacing: normal;font-family: 'Open Sans',Helvetica,Arial,sans-serif;font-size: 11.93px;font-variant: normal;font-weight: 400;text-decoration: none;float: none;background-color: transparent\">,<\/span><em><span style=\"text-align: justify;color: #757575;text-indent: 0px;letter-spacing: normal;font-family: 'Open Sans',Helvetica,Arial,sans-serif;font-size: 11.93px;font-variant: normal;font-weight: 400;text-decoration: none;float: none;background-color: transparent\"> seit 2017 in Farbe.<\/span><\/em><\/p>\n<p>&nbsp;<\/p>\n<p><strong><span style=\"color: #ff6600\"><em><a href=\"https:\/\/bkt.blog.muenster.org\/?page_id=1892\">Tagungsprogramm<\/a><\/em><\/span> zum<br \/>20.-21.04.2024 in der Universit\u00e4t M\u00fcnster, Heisenbergstr. 11:&nbsp;<em><br \/>&#8222;K\u00fcnstlerische Therapien im Alter&#8220;<\/em><\/strong><br \/>Jubil\u00e4umssymposion anl\u00e4sslich der Gr\u00fcndung des BKT am 16.04.1984.&nbsp;<br \/><span style=\"color: #ff6600\">Reichliche kostenlose Parkm\u00f6glichkeiten unmittelbar hinterm Geb\u00e4ude und g\u00fcnstige \u00dcbernachtungsm\u00f6glichkeiten in der <a href=\"https:\/\/www.franz-hitze-haus.de\/home\/#section-id-66\" target=\"_blank\" rel=\"noopener\">Akademie Franz Hitze Haus<\/a> (74 \u20ac), solange Zimmer frei sind. Bilder vom <a href=\"https:\/\/bkt.blog.muenster.org\/?page_id=1652\">Veranstaltungsraum<\/a>.<br \/><\/span><\/p>\n<p><em>&nbsp;<br \/><\/em><\/p>\n<p><strong><em><a href=\"https:\/\/bkt.blog.muenster.org\/?page_id=1658\" data-wplink-edit=\"true\">Weitere und vergangene Termine<\/a><br \/><\/em><\/strong><\/p>\n\n\n<p><a href=\"https:\/\/bkt.blog.muenster.org\/wp-admin\/post.php?post=1999&amp;action=edit\">Stellenausschreibungen<\/a><\/p>\n\n\n\n<p><\/p>\n","protected":false},"excerpt":{"rendered":"<p>Bei rechtzeitiger Mitteilung erscheinen die Veranstaltungstermine in der Zeitschrift&nbsp;Musik-, Tanz-, Kunsttherapie \u2013 Zeitschrift f\u00fcr k\u00fcnstlerische Therapien im Bildungs-, Sozial- und Gesundheitswesen, seit 2017 in Farbe. &nbsp; Tagungsprogramm zum20.-21.04.2024 in der Universit\u00e4t M\u00fcnster, Heisenbergstr. 11:&nbsp;&#8222;K\u00fcnstlerische Therapien im Alter&#8220;Jubil\u00e4umssymposion anl\u00e4sslich der Gr\u00fcndung des BKT am 16.04.1984.&nbsp;Reichliche kostenlose Parkm\u00f6glichkeiten unmittelbar hinterm Geb\u00e4ude und g\u00fcnstige \u00dcbernachtungsm\u00f6glichkeiten in der Akademie [&hellip;]<\/p>\n","protected":false},"author":13,"featured_media":0,"parent":0,"menu_order":0,"comment_status":"closed","ping_status":"closed","template":"page-templates\/front-page.php","meta":{"ngg_post_thumbnail":0,"footnotes":""},"class_list":["post-13","page","type-page","status-publish","hentry"],"_links":{"self":[{"href":"https:\/\/bkt.blog.muenster.org\/index.php?rest_route=\/wp\/v2\/pages\/13","targetHints":{"allow":["GET"]}}],"collection":[{"href":"https:\/\/bkt.blog.muenster.org\/index.php?rest_route=\/wp\/v2\/pages"}],"about":[{"href":"https:\/\/bkt.blog.muenster.org\/index.php?rest_route=\/wp\/v2\/types\/page"}],"author":[{"embeddable":true,"href":"https:\/\/bkt.blog.muenster.org\/index.php?rest_route=\/wp\/v2\/users\/13"}],"replies":[{"embeddable":true,"href":"https:\/\/bkt.blog.muenster.org\/index.php?rest_route=%2Fwp%2Fv2%2Fcomments&post=13"}],"version-history":[{"count":258,"href":"https:\/\/bkt.blog.muenster.org\/index.php?rest_route=\/wp\/v2\/pages\/13\/revisions"}],"predecessor-version":[{"id":2452,"href":"https:\/\/bkt.blog.muenster.org\/index.php?rest_route=\/wp\/v2\/pages\/13\/revisions\/2452"}],"wp:attachment":[{"href":"https:\/\/bkt.blog.muenster.org\/index.php?rest_route=%2Fwp%2Fv2%2Fmedia&parent=13"}],"curies":[{"name":"wp","href":"https:\/\/api.w.org\/{rel}","templated":true}]}}