{"id":1341,"date":"2022-08-21T15:35:27","date_gmt":"2022-08-21T13:35:27","guid":{"rendered":"http:\/\/bkt.blog.muenster.org\/?page_id=1341"},"modified":"2025-05-24T19:10:34","modified_gmt":"2025-05-24T17:10:34","slug":"hinweise","status":"publish","type":"page","link":"https:\/\/bkt.blog.muenster.org\/?page_id=1341","title":{"rendered":"Hinweise"},"content":{"rendered":"\n<p><a href=\"https:\/\/www.psychologie-aktuell.com\/journale\/mtk\/bisher-erschienen\/inhalt-lesen\/2020-21.html\"><strong>Die Ausgabe 2020-2 der Zeitschrift MTK ist weiterhin beachtenswert<\/strong><\/a><a href=\"https:\/\/www.psychologie-aktuell.com\/journale\/mtk\/bisher-erschienen.html\">.<\/a>&nbsp;Ein wegen Verleumdung Verurteilter hat behauptet, dieses Bild laute \u201eNackttanz nackter Frauen\u201c und beweise die T\u00e4tigkeit von Tanztherapeutinnen als Nacktt\u00e4nzerinnen. Solche Nacktt\u00e4nze w\u00fcrden in sog. \u201e(tanz)therapeutischen Etablissements\u201c aufgef\u00fchrt. Kommentar \u00fcberfl\u00fcssig;&nbsp;<a href=\"https:\/\/bkmt.de\/Protest-wg-Verunglimpfung%20der%20Tanztherapie.pdf\">Protest<\/a>&nbsp;aber angebracht.<\/p>\n\n\n\n<p><em>Demonstrativ&nbsp;schm\u00fcckt auch&nbsp;<\/em><a href=\"https:\/\/www.psychologie-aktuell.com\/news\/aktuelle-news-psychologie\/news-lesen\/musik-staerkt-resilienz-in-der-coronakrise.html\">die darauf folgende MTK-Ausgabe 2021-1<\/a><em>&nbsp;ein Tanz-Bild!<\/em><\/p>\n\n\n\n<p><a href=\"http:\/\/www.bkmt.de\/Zifreund_Kuenstl_Therapien_1988.pdf\"><strong><em>Walter Zifreund (1988).\u00a0<\/em><\/strong>Musik \u2013 Tanz \u2013 und Kunsttherapie: \u00dcberlegungen f\u00fcr eine neue Fachzeitschrift.\u00a0MTK Heft 1\/1988; S. 1-2<\/a><\/p>\n\n\n\n<p><strong><em><strong><em><a href=\"https:\/\/bkmt.de\/Zifreund_1988_S._%2021-37.pdf\"><\/a><strong><em><strong><em><a href=\"http:\/\/www.bkmt.de\/Zifreund_Kuenstl_Therapien_1988.pdf\">Walter Zifreund (1988).<\/a><\/em><\/strong><\/em><\/strong><\/em><\/strong><\/em><\/strong>&nbsp;<a href=\"https:\/\/bkmt.de\/Zifreund_1988_S._%2021-37.pdf\"><\/a><a href=\"https:\/\/bkmt.de\/Zifreund_1988_S._%2021-37.pdf\">K\u00fcnstlerische&nbsp;<\/a>Therapien als Antwort auf die Handlungsverarmung in unserer Zeit. In H\u00f6rmann, K. (Hrsg). Musik- und Tanztherapie. M\u00fcnster: Hettgen Verlag, S. 21-37.<\/p>\n\n\n\n<p>Ein Film aus der eindrucksvollen&nbsp;Musiktherapie-Arbeit des Pioniers der Musiktherapie&nbsp;<a href=\"http:\/\/www.bkmt.de\/Burkhardt1.mpg\"><strong>Chefarzt Dr. Rudolf Burkhardt von 1980<\/strong><\/a><\/p>\n","protected":false},"excerpt":{"rendered":"<p>Die Ausgabe 2020-2 der Zeitschrift MTK ist weiterhin beachtenswert.&nbsp;Ein wegen Verleumdung Verurteilter hat behauptet, dieses Bild laute \u201eNackttanz nackter Frauen\u201c und beweise die T\u00e4tigkeit von Tanztherapeutinnen als Nacktt\u00e4nzerinnen. Solche Nacktt\u00e4nze w\u00fcrden in sog. \u201e(tanz)therapeutischen Etablissements\u201c aufgef\u00fchrt. Kommentar \u00fcberfl\u00fcssig;&nbsp;Protest&nbsp;aber angebracht. Demonstrativ&nbsp;schm\u00fcckt auch&nbsp;die darauf folgende MTK-Ausgabe 2021-1&nbsp;ein Tanz-Bild! Walter Zifreund (1988).\u00a0Musik \u2013 Tanz \u2013 und Kunsttherapie: \u00dcberlegungen [&hellip;]<\/p>\n","protected":false},"author":13,"featured_media":0,"parent":0,"menu_order":0,"comment_status":"closed","ping_status":"closed","template":"","meta":{"ngg_post_thumbnail":0,"footnotes":""},"class_list":["post-1341","page","type-page","status-publish","hentry"],"_links":{"self":[{"href":"https:\/\/bkt.blog.muenster.org\/index.php?rest_route=\/wp\/v2\/pages\/1341","targetHints":{"allow":["GET"]}}],"collection":[{"href":"https:\/\/bkt.blog.muenster.org\/index.php?rest_route=\/wp\/v2\/pages"}],"about":[{"href":"https:\/\/bkt.blog.muenster.org\/index.php?rest_route=\/wp\/v2\/types\/page"}],"author":[{"embeddable":true,"href":"https:\/\/bkt.blog.muenster.org\/index.php?rest_route=\/wp\/v2\/users\/13"}],"replies":[{"embeddable":true,"href":"https:\/\/bkt.blog.muenster.org\/index.php?rest_route=%2Fwp%2Fv2%2Fcomments&post=1341"}],"version-history":[{"count":2,"href":"https:\/\/bkt.blog.muenster.org\/index.php?rest_route=\/wp\/v2\/pages\/1341\/revisions"}],"predecessor-version":[{"id":2215,"href":"https:\/\/bkt.blog.muenster.org\/index.php?rest_route=\/wp\/v2\/pages\/1341\/revisions\/2215"}],"wp:attachment":[{"href":"https:\/\/bkt.blog.muenster.org\/index.php?rest_route=%2Fwp%2Fv2%2Fmedia&parent=1341"}],"curies":[{"name":"wp","href":"https:\/\/api.w.org\/{rel}","templated":true}]}}