{"id":395,"date":"2018-05-29T00:29:02","date_gmt":"2018-05-28T22:29:02","guid":{"rendered":"http:\/\/bkt.blog.muenster.org\/?page_id=395"},"modified":"2026-03-20T22:00:13","modified_gmt":"2026-03-20T21:00:13","slug":"musiktherapie-in-muenster-2","status":"publish","type":"page","link":"https:\/\/bkt.blog.muenster.org\/?page_id=395","title":{"rendered":"Musiktherapie in M\u00fcnster"},"content":{"rendered":"\n<p><a href=\"http:\/\/bkt.blog.muenster.org\/wp-content\/uploads\/sites\/12\/2026\/03\/Musiktherapie-in-Muenster.pdf\">Odyssee von Versuchen seit 1972 zur Etablierung K\u00fcnstlerischer Therapien an Universit\u00e4ten<\/a><\/p>\n\n\n\n<p><\/p>\n\n\n\n<p>siehe auch<\/p>\n\n\n\n<ul class=\"wp-block-list\">\n<li><a href=\"http:\/\/bkt.blog.muenster.org\/wp-content\/uploads\/sites\/12\/2018\/11\/Musiktherapie-Konzerte-gedreht.pdf\"><em><span style=\"text-decoration: underline\">Dokumente<\/span><\/em><\/a> zur Musiktherapie<\/li>\n<\/ul>\n\n\n\n<p class=\"has-text-align-center\"><em>Freunde der Musiktherapie sind in dem von den ersten M\u00fcnsteraner Musiktherapiestudierenden am 16.4.1984 gegr\u00fcndeten, beim Amtsgericht M\u00fcnster eingetragenen F\u00f6rderverein \u201cMusiktherapie gem. e. V.\u201d (MTT) herzlich willkommen<\/em><\/p>\n\n\n\n<p><\/p>\n","protected":false},"excerpt":{"rendered":"<p>Odyssee von Versuchen seit 1972 zur Etablierung K\u00fcnstlerischer Therapien an Universit\u00e4ten siehe auch Freunde der Musiktherapie sind in dem von den ersten M\u00fcnsteraner Musiktherapiestudierenden am 16.4.1984 gegr\u00fcndeten, beim Amtsgericht M\u00fcnster eingetragenen F\u00f6rderverein \u201cMusiktherapie gem. e. V.\u201d (MTT) herzlich willkommen<\/p>\n","protected":false},"author":13,"featured_media":0,"parent":0,"menu_order":0,"comment_status":"closed","ping_status":"closed","template":"","meta":{"ngg_post_thumbnail":0,"footnotes":""},"class_list":["post-395","page","type-page","status-publish","hentry"],"_links":{"self":[{"href":"https:\/\/bkt.blog.muenster.org\/index.php?rest_route=\/wp\/v2\/pages\/395","targetHints":{"allow":["GET"]}}],"collection":[{"href":"https:\/\/bkt.blog.muenster.org\/index.php?rest_route=\/wp\/v2\/pages"}],"about":[{"href":"https:\/\/bkt.blog.muenster.org\/index.php?rest_route=\/wp\/v2\/types\/page"}],"author":[{"embeddable":true,"href":"https:\/\/bkt.blog.muenster.org\/index.php?rest_route=\/wp\/v2\/users\/13"}],"replies":[{"embeddable":true,"href":"https:\/\/bkt.blog.muenster.org\/index.php?rest_route=%2Fwp%2Fv2%2Fcomments&post=395"}],"version-history":[{"count":108,"href":"https:\/\/bkt.blog.muenster.org\/index.php?rest_route=\/wp\/v2\/pages\/395\/revisions"}],"predecessor-version":[{"id":2381,"href":"https:\/\/bkt.blog.muenster.org\/index.php?rest_route=\/wp\/v2\/pages\/395\/revisions\/2381"}],"wp:attachment":[{"href":"https:\/\/bkt.blog.muenster.org\/index.php?rest_route=%2Fwp%2Fv2%2Fmedia&parent=395"}],"curies":[{"name":"wp","href":"https:\/\/api.w.org\/{rel}","templated":true}]}}