{"id":95,"date":"2018-03-29T20:22:10","date_gmt":"2018-03-29T18:22:10","guid":{"rendered":"http:\/\/bkt.blog.muenster.org\/?page_id=95"},"modified":"2026-03-27T11:05:14","modified_gmt":"2026-03-27T10:05:14","slug":"berufsverband-kuenstlerische-therapien-bkt-g-e-v","status":"publish","type":"page","link":"https:\/\/bkt.blog.muenster.org\/","title":{"rendered":"BKT"},"content":{"rendered":"<table style=\"height: 1423px\" border=\"0\" width=\"504\" cellspacing=\"0\" cellpadding=\"0\">\n<tbody>\n<tr align=\"left\" valign=\"top\">\n<td id=\"Text66\" class=\"TextObject\" width=\"940\">\n<p style=\"text-align: justify\"><span style=\"color: #000000\">Die Ausbildungsinstitute zur <a href=\"http:\/\/www.musiktherapie-info.de\"><span style=\"color: #0000ff\">Musiktherapie<\/span><\/a>, <a href=\"http:\/\/www.tanztherapie.net\"><span style=\"color: #0000ff\">Tanztherapie<\/span><\/a>, <span style=\"color: #0000ff\"><a style=\"color: #0000ff\" href=\"http:\/\/kunsttherapie.bkmt.de\">Kunsttherapie<\/a> <a style=\"color: #0000ff\" href=\"http:\/\/www.mtk-akademie.de\">usw.<\/a> <\/span>sind auch von der daf\u00fcr zust\u00e4ndigen <a style=\"color: #000000\" href=\"http:\/\/www.dgkt.de\">DGKT<\/a> (beteiligt an der 2009 gegr\u00fcndeten<span style=\"color: #0000ff\"> <a style=\"color: #0000ff\" href=\"http:\/\/www.bagkt.de\">BAG KT<\/a><\/span>) anerkannt.<\/span><\/p>\n<p style=\"text-align: justify\"><span style=\"color: #000000\">Der Name &#8222;<a href=\"https:\/\/musiktherapieblog.kuenstlerischetherapien.de\/kuenstlerische-therapien\/\"><span style=\"color: #0000ff\">K\u00fcnstlerische Therapien<\/span><\/a>&#8220; wurde laut einer Dissertation von 2021 erstmals vom Verfasser verwendet und hat sich gegen\u00fcber fr\u00fcheren Bezeichnungen durchgesetzt<\/span><\/p>\n<p style=\"text-align: justify\"><span style=\"color: #000000\">Der Verband <strong>Wissenschaftliche Gesellschaft und Berufsverband f\u00fcr K\u00fcnstlerische Therapien&nbsp;BKT g.e.V.<\/strong> wurde am 16. April 1984 von den ersten Musiktherapiestudierenden und Professoren der Universit\u00e4t M\u00fcnster als Musiktherapie e. V. gegr\u00fcndet, wenig sp\u00e4ter um Tanztherapie erweitert und ist l\u00e4ngst bundesweit zur F\u00f6rderung aller K\u00fcnstlerischen Therapien t\u00e4tig.&nbsp;<\/span><\/p>\n<p style=\"text-align: justify\"><span style=\"color: #000000\">Als Wissenschaftliche Gesellschaft und Berufsverband vertritt der BKT die Interessen seiner Mitglieder. Diese erhalten f\u00fcr nur 90.- \u20ac Jahresmitgliedsbeitrag die Printversion der Zeitschrift MTK. Wer die Digitalversion w\u00fcnscht, zahlt nur 70,- \u20ac. Die Mitglieder erhalten:<\/span><\/p>\n<ul>\n<li style=\"text-align: justify\"><span style=\"color: #000000\">die Zeitschrift <span style=\"color: #0000ff\"><a style=\"color: #0000ff\" href=\"http:\/\/www.psychologie-aktuell.com\/index.php?id=mtk\">Musik-, Tanz-, Kunsttherapie &#8211; Zeitschrift f\u00fcr k\u00fcnstlerische Therapien im Bildungs-, Sozial- und Gesundheitswesen<\/a><\/span>, seit 2017 in Farbe.<\/span><br \/>\n<span style=\"color: #000000\">Alle fr\u00fcher erschienenen Beitr\u00e4ge mit vereinzelt farbigen Bildern k\u00f6nnen online eingesehen und heruntergeladen werden: <a href=\"https:\/\/www.hogrefe.com\/de\/zeitschrift\/musik-tanz-und-kunsttherapie\">https:\/\/www.hogrefe.com\/de\/zeitschrift\/musik-tanz-und-kunsttherapie<\/a><\/span><\/li>\n<li style=\"text-align: justify\"><span style=\"color: #000000\">kosteng\u00fcnstige Supervision von&nbsp;zertifizierten Supervisoren.<\/span><\/li>\n<li style=\"text-align: justify\"><span style=\"color: #000000\">kosteng\u00fcnstige Teilnahme an Veranstaltungen.<\/span><\/li>\n<li style=\"text-align: justify\"><span style=\"color: #000000\">Berufs- und Rechtsberatung und erforderlichenfalls<\/span><\/li>\n<li style=\"text-align: justify\"><span style=\"color: #000000\">Gutachten von ausgewiesenen Experten.<\/span><\/li>\n<li style=\"text-align: justify\"><span style=\"color: #000000\">Korporative Mitglieder (Vereine, Verb\u00e4nde, Institute usw.) entrichten den Mitgliederpreis f\u00fcr 1 Person, erhalten die Verg\u00fcnstigungen (Zeitschrift usw.) und Stimmrecht dementsprechend f\u00fcr 1 Vertreter. Ihre Mitglieder, die sich als solche ausweisen, k\u00f6nnen die Zeitschrift zum Vorzugspreis abonnieren.<\/span><\/li>\n<li style=\"text-align: left\"><span style=\"color: #000000\"><b>BKT-Supervisonszertifikat:<\/b><a href=\"http:\/\/bkt.blog.muenster.org\/wp-content\/uploads\/sites\/12\/2025\/08\/BKT-Zertifikat-Anfrage.pdf\"><span style=\"color: #0000ff\"> BKT-Zertifikat-Anfrage<\/span><\/a><\/span><\/li>\n<\/ul>\n<p><span style=\"color: #000000\"><span style=\"font-family: Arial\"><u><\/u>Aufnahmen in den BKT:<\/span>&nbsp;<span style=\"color: #0000ff\"><a style=\"color: #0000ff\" href=\"http:\/\/bkt.blog.muenster.org\/wp-content\/uploads\/sites\/12\/2024\/10\/Mitgliedschaft_BKT.pdf\">Formular<\/a> <\/span>und <span style=\"color: #0000ff\"><a style=\"color: #0000ff\" href=\"http:\/\/bkt.blog.muenster.org\/wp-content\/uploads\/sites\/12\/2020\/01\/BKT-Satzung.pdf\">Satzung<\/a>.<\/span>&nbsp;<\/span><\/p>\n<p><span style=\"color: #000000\">Sollten Spendenbescheingungen oder Exemplare der Zeitschrift ausbleiben, bitte melden.<br \/>\nDie erschienenen MTK-Ausgaben sind <span style=\"color: #0000ff\">hier<\/span> zu sehen.<\/span><\/p>\n<p><span style=\"color: #000000\">Der BKT g.e.V. arbeitet als Berufsverband f\u00fcr K\u00fcnstlerische Therapien seit Jahren in den Konferenzen und Delphi-Prozessen bei der Entwicklung von<\/span><span style=\"color: #0000ff\"> <a style=\"color: #0000ff\" href=\"http:\/\/bkt.blog.muenster.org\/?page_id=642\">S3-Leitlinien<\/a><\/span> <span style=\"color: #000000\">mit<\/span>, z. B. <span style=\"color: #0000ff\"><a style=\"color: #0000ff\" href=\"https:\/\/www.awmf.org\/leitlinien\/detail\/ll\/038-020.html\">Psychosoziale Therapien bei schweren psychischen Erkrankungen<\/a><\/span>.<\/p>\n<p><span style=\"color: #000000\">Ideen und Initiativen sind immer gerne willkommen:&nbsp;<\/span> <span style=\"color: #0000ff\"><a style=\"color: #0000ff\" href=\"mailto:bkt@muenster.de\">bkt@muenster.de<\/a>&nbsp;<\/span><\/p>\n<p><span style=\"color: #000000\"><em>Die Fotos zeigen u.a. R\u00e4ume des BKT-Geb\u00e4udes und Erinnerungen an Veranstaltungen in der Karls-Universit\u00e4t Prag, der 1347 gegr\u00fcndeten und damit \u00e4ltesten Universit\u00e4t Mitteleuropas, und die Zeugnisverleihung an die deutschen Absolventen des Studiengangs &#8222;Multimodale Kunsttherapie&#8220; mit ihrem f\u00fcr Musik- und Tanztherapie zust\u00e4ndigen Betreuer im Talar der Professorenschaft (zweiter in der ersten Reihe <i>rechts au\u00dfen<\/i>) sowie Aufnahmen aus Symposien.<\/em><\/span><\/p>\n<p>\n\t\t<style type=\"text\/css\">\n\t\t\t#gallery-1 {\n\t\t\t\tmargin: auto;\n\t\t\t}\n\t\t\t#gallery-1 .gallery-item {\n\t\t\t\tfloat: left;\n\t\t\t\tmargin-top: 10px;\n\t\t\t\ttext-align: center;\n\t\t\t\twidth: 20%;\n\t\t\t}\n\t\t\t#gallery-1 img {\n\t\t\t\tborder: 2px solid #cfcfcf;\n\t\t\t}\n\t\t\t#gallery-1 .gallery-caption {\n\t\t\t\tmargin-left: 0;\n\t\t\t}\n\t\t\t\/* see gallery_shortcode() in wp-includes\/media.php *\/\n\t\t<\/style>\n\t\t<div id='gallery-1' class='gallery galleryid-95 gallery-columns-5 gallery-size-thumbnail'><dl class='gallery-item'>\n\t\t\t<dt class='gallery-icon portrait'>\n\t\t\t\t<a href='https:\/\/bkt.blog.muenster.org\/?attachment_id=417'><img decoding=\"async\" width=\"150\" height=\"150\" src=\"https:\/\/bkt.blog.muenster.org\/wp-content\/uploads\/sites\/12\/2018\/05\/Franzen-Buch-150x150.jpg\" class=\"attachment-thumbnail size-thumbnail\" alt=\"\" \/><\/a>\n\t\t\t<\/dt><\/dl><dl class='gallery-item'>\n\t\t\t<dt class='gallery-icon portrait'>\n\t\t\t\t<a href='https:\/\/bkt.blog.muenster.org\/?attachment_id=399'><img decoding=\"async\" width=\"117\" height=\"148\" src=\"https:\/\/bkt.blog.muenster.org\/wp-content\/uploads\/sites\/12\/2018\/05\/2006-08-31-02.00.jpg\" class=\"attachment-thumbnail size-thumbnail\" alt=\"\" aria-describedby=\"gallery-1-399\" \/><\/a>\n\t\t\t<\/dt>\n\t\t\t\t<dd class='wp-caption-text gallery-caption' id='gallery-1-399'>\n\t\t\t\tYolanda Bertolaso\n\t\t\t\t<\/dd><\/dl><dl class='gallery-item'>\n\t\t\t<dt class='gallery-icon portrait'>\n\t\t\t\t<a href='https:\/\/bkt.blog.muenster.org\/?attachment_id=400'><img decoding=\"async\" width=\"135\" height=\"146\" src=\"https:\/\/bkt.blog.muenster.org\/wp-content\/uploads\/sites\/12\/2018\/05\/2009-07-09-00.00.jpg\" class=\"attachment-thumbnail size-thumbnail\" alt=\"\" aria-describedby=\"gallery-1-400\" \/><\/a>\n\t\t\t<\/dt>\n\t\t\t\t<dd class='wp-caption-text gallery-caption' id='gallery-1-400'>\n\t\t\t\tKarl H\u00f6rmann\n\t\t\t\t<\/dd><\/dl><dl class='gallery-item'>\n\t\t\t<dt class='gallery-icon portrait'>\n\t\t\t\t<a href='https:\/\/bkt.blog.muenster.org\/?attachment_id=418'><img loading=\"lazy\" decoding=\"async\" width=\"123\" height=\"150\" src=\"https:\/\/bkt.blog.muenster.org\/wp-content\/uploads\/sites\/12\/2018\/05\/2007-02-28-14.19_2-1-123x150.jpg\" class=\"attachment-thumbnail size-thumbnail\" alt=\"\" aria-describedby=\"gallery-1-418\" \/><\/a>\n\t\t\t<\/dt>\n\t\t\t\t<dd class='wp-caption-text gallery-caption' id='gallery-1-418'>\n\t\t\t\tW. Becker-Glauch\n\t\t\t\t<\/dd><\/dl><dl class='gallery-item'>\n\t\t\t<dt class='gallery-icon landscape'>\n\t\t\t\t<a href='https:\/\/bkt.blog.muenster.org\/?attachment_id=402'><img loading=\"lazy\" decoding=\"async\" width=\"150\" height=\"150\" src=\"https:\/\/bkt.blog.muenster.org\/wp-content\/uploads\/sites\/12\/2018\/05\/2007-02-28-14.19_1-150x150.jpg\" class=\"attachment-thumbnail size-thumbnail\" alt=\"\" aria-describedby=\"gallery-1-402\" \/><\/a>\n\t\t\t<\/dt>\n\t\t\t\t<dd class='wp-caption-text gallery-caption' id='gallery-1-402'>\n\t\t\t\tYolanda Bertolaso\n\t\t\t\t<\/dd><\/dl><br style=\"clear: both\" \/><dl class='gallery-item'>\n\t\t\t<dt class='gallery-icon landscape'>\n\t\t\t\t<a href='https:\/\/bkt.blog.muenster.org\/?attachment_id=403'><img loading=\"lazy\" decoding=\"async\" width=\"150\" height=\"150\" src=\"https:\/\/bkt.blog.muenster.org\/wp-content\/uploads\/sites\/12\/2018\/05\/ICH-IMG_0102-150x150.jpg\" class=\"attachment-thumbnail size-thumbnail\" alt=\"\" aria-describedby=\"gallery-1-403\" \/><\/a>\n\t\t\t<\/dt>\n\t\t\t\t<dd class='wp-caption-text gallery-caption' id='gallery-1-403'>\n\t\t\t\tKarl H\u00f6rmann\n\t\t\t\t<\/dd><\/dl><dl class='gallery-item'>\n\t\t\t<dt class='gallery-icon portrait'>\n\t\t\t\t<a href='https:\/\/bkt.blog.muenster.org\/?attachment_id=329'><img loading=\"lazy\" decoding=\"async\" width=\"150\" height=\"150\" src=\"https:\/\/bkt.blog.muenster.org\/wp-content\/uploads\/sites\/12\/2018\/05\/Seminarraum-Husmann-hin-20171210_verkl-150x150.jpg\" class=\"attachment-thumbnail size-thumbnail\" alt=\"\" aria-describedby=\"gallery-1-329\" \/><\/a>\n\t\t\t<\/dt>\n\t\t\t\t<dd class='wp-caption-text gallery-caption' id='gallery-1-329'>\n\t\t\t\tSeminarraum\n\t\t\t\t<\/dd><\/dl><dl class='gallery-item'>\n\t\t\t<dt class='gallery-icon landscape'>\n\t\t\t\t<a href='https:\/\/bkt.blog.muenster.org\/?attachment_id=408'><img loading=\"lazy\" decoding=\"async\" width=\"150\" height=\"150\" src=\"https:\/\/bkt.blog.muenster.org\/wp-content\/uploads\/sites\/12\/2018\/05\/Y-TurnhalleIMG_0130-150x150.jpg\" class=\"attachment-thumbnail size-thumbnail\" alt=\"\" aria-describedby=\"gallery-1-408\" \/><\/a>\n\t\t\t<\/dt>\n\t\t\t\t<dd class='wp-caption-text gallery-caption' id='gallery-1-408'>\n\t\t\t\tTurnhalle\n\t\t\t\t<\/dd><\/dl><dl class='gallery-item'>\n\t\t\t<dt class='gallery-icon landscape'>\n\t\t\t\t<a href='https:\/\/bkt.blog.muenster.org\/?attachment_id=407'><img loading=\"lazy\" decoding=\"async\" width=\"150\" height=\"150\" src=\"https:\/\/bkt.blog.muenster.org\/wp-content\/uploads\/sites\/12\/2018\/05\/Saal-zum-Spiegel-mit-Vorhang-verkl-150x150.jpg\" class=\"attachment-thumbnail size-thumbnail\" alt=\"\" aria-describedby=\"gallery-1-407\" \/><\/a>\n\t\t\t<\/dt>\n\t\t\t\t<dd class='wp-caption-text gallery-caption' id='gallery-1-407'>\n\t\t\t\tTanzsaal\n\t\t\t\t<\/dd><\/dl><dl class='gallery-item'>\n\t\t\t<dt class='gallery-icon landscape'>\n\t\t\t\t<a href='https:\/\/bkt.blog.muenster.org\/?attachment_id=406'><img loading=\"lazy\" decoding=\"async\" width=\"150\" height=\"150\" src=\"https:\/\/bkt.blog.muenster.org\/wp-content\/uploads\/sites\/12\/2018\/05\/Herold-Raum1a-150x150.jpg\" class=\"attachment-thumbnail size-thumbnail\" alt=\"\" aria-describedby=\"gallery-1-406\" \/><\/a>\n\t\t\t<\/dt>\n\t\t\t\t<dd class='wp-caption-text gallery-caption' id='gallery-1-406'>\n\t\t\t\tMusikraum\n\t\t\t\t<\/dd><\/dl><br style=\"clear: both\" \/>\n\t\t<\/div>\n<\/td>\n<\/tr>\n<\/tbody>\n<\/table>\n<p>&nbsp;<\/p>\n","protected":false},"excerpt":{"rendered":"<p>Die Ausbildungsinstitute zur Musiktherapie, Tanztherapie, Kunsttherapie usw. sind auch von der daf\u00fcr zust\u00e4ndigen DGKT (beteiligt an der 2009 gegr\u00fcndeten BAG KT) anerkannt. Der Name &#8222;K\u00fcnstlerische Therapien&#8220; wurde laut einer Dissertation von 2021 erstmals vom Verfasser verwendet und hat sich gegen\u00fcber fr\u00fcheren Bezeichnungen durchgesetzt Der Verband Wissenschaftliche Gesellschaft und Berufsverband f\u00fcr K\u00fcnstlerische Therapien&nbsp;BKT g.e.V. wurde am [&hellip;]<\/p>\n","protected":false},"author":13,"featured_media":0,"parent":0,"menu_order":0,"comment_status":"closed","ping_status":"closed","template":"","meta":{"ngg_post_thumbnail":0,"footnotes":""},"class_list":["post-95","page","type-page","status-publish","hentry"],"_links":{"self":[{"href":"https:\/\/bkt.blog.muenster.org\/index.php?rest_route=\/wp\/v2\/pages\/95","targetHints":{"allow":["GET"]}}],"collection":[{"href":"https:\/\/bkt.blog.muenster.org\/index.php?rest_route=\/wp\/v2\/pages"}],"about":[{"href":"https:\/\/bkt.blog.muenster.org\/index.php?rest_route=\/wp\/v2\/types\/page"}],"author":[{"embeddable":true,"href":"https:\/\/bkt.blog.muenster.org\/index.php?rest_route=\/wp\/v2\/users\/13"}],"replies":[{"embeddable":true,"href":"https:\/\/bkt.blog.muenster.org\/index.php?rest_route=%2Fwp%2Fv2%2Fcomments&post=95"}],"version-history":[{"count":203,"href":"https:\/\/bkt.blog.muenster.org\/index.php?rest_route=\/wp\/v2\/pages\/95\/revisions"}],"predecessor-version":[{"id":2431,"href":"https:\/\/bkt.blog.muenster.org\/index.php?rest_route=\/wp\/v2\/pages\/95\/revisions\/2431"}],"wp:attachment":[{"href":"https:\/\/bkt.blog.muenster.org\/index.php?rest_route=%2Fwp%2Fv2%2Fmedia&parent=95"}],"curies":[{"name":"wp","href":"https:\/\/api.w.org\/{rel}","templated":true}]}}